{"id":14690,"date":"2014-09-16T14:06:27","date_gmt":"2014-09-16T12:06:27","guid":{"rendered":"https:\/\/golfpark-strelasund.de\/en\/karriere"},"modified":"2026-03-16T15:26:26","modified_gmt":"2026-03-16T14:26:26","slug":"careers","status":"publish","type":"page","link":"https:\/\/golfpark-strelasund.de\/en\/careers\/","title":{"rendered":"Careers"},"content":{"rendered":"<p>[vc_row el_class=&#8221;mb0&#8243;][vc_column css=&#8221;.vc_custom_1409750740006{margin-bottom: 0px !important;}&#8221;][vc_row_inner el_class=&#8221;mb0&#8243;][vc_column_inner el_class=&#8221;mb0&#8243;][vc_column_text el_class=&#8221;mb0&#8243;]<\/p>\n<h1 class=\"green\">Karriere<\/h1>\n<p><span class=\"subh1 hvb\">in Mecklenburg-Vorpommern<\/span>[\/vc_column_text][vc_raw_html]JTNDZGl2JTIwY2xhc3MlM0QlMjJyb3clMjIlM0UlMEElMDklM0NkaXYlMjBjbGFzcyUzRCUyMmNvbC1zbS0xMiUyMiUzRSUwQSUwOSUwOSUzQ2RpdiUyMGNsYXNzJTNEJTIyc2hvcnRfdHJlbm5lciUyMiUzRSUzQyUyRmRpdiUzRSUwQSUwOSUzQyUyRmRpdiUzRSUwQSUzQyUyRmRpdiUzRSUwQQ==[\/vc_raw_html][\/vc_column_inner][\/vc_row_inner][\/vc_column][\/vc_row][vc_row][vc_column][vc_btn title=&#8221;In einer Minute Bewerben&#8221; color=&#8221;green&#8221; size=&#8221;lg&#8221; css_animation=&#8221;none&#8221; link=&#8221;url:%20https%3A%2F%2Fgolfpark-strelasund.de%2Fkarriere%2Fschnelle-bewerbung|&#8221;][vc_column_text]Karriere zu machen im Golfpark Strelasund ist etwas ganz besonderes. Wir sind ein familiengef\u00fchrtes Unternehmen. Unsere Philosophie ist es, ganz nah am Gast zu sein, seine W\u00fcnsche genau zu kennen und zu erf\u00fcllen. F\u00fcr den Golfpark Strelasund w\u00fcnschen wir uns Mitarbeiter, die diese Philosophie mit uns teilen. Mitarbeiter, die ihre t\u00e4gliche Arbeit als wichtigen Teil des Ganzen verstehen und mit all ihrem Einsatz das hohe Gut der Gastfreundschaft immer wieder neu erlebbar machen.<\/p>\n<p>&nbsp;<\/p>\n<h3>Machen Sie Karriere im Golfpark Strelasund.<\/h3>\n<p>Wir suchen 24 Stunden t\u00e4glich nach hochmotiviertem Personal.<\/p>\n<p><a href=\"https:\/\/golfpark-strelasund.de\/wir-brauchen-verstaerkung-hausdame-executive-housekeeper-m-w-d\/\" target=\"_blank\" rel=\"noopener\">Hausdame (m, w, d)<\/a><\/p>\n<p><a href=\"https:\/\/golfpark-strelasund.de\/wir-brauchen-verstaerkung-koch-koechin-m-w-d\">Koch (m\/w\/d)<\/a><\/p>\n<p><a href=\"https:\/\/golfpark-strelasund.de\/wir-brauchen-verstaerkung-restaurantfachmann-m-w-d\/\" target=\"_blank\" rel=\"noopener\">Restaurantfachmann (m\/w\/d) &#8211; auch Aushilfen<\/a><\/p>\n<p><a href=\"https:\/\/golfpark-strelasund.de\/wir-brauchen-verstaerkung-mitarbeiter-housekeeping-m-w-d\/\">Housekeepingmitarbeiter (m\/w\/d)<\/a><\/p>\n<p><a href=\"https:\/\/golfpark-strelasund.de\/wir-suchen-einen-buchhalter-m-w-d\/\" target=\"_blank\" rel=\"noopener\">Buchhalter (m\/w\/d)<\/a><\/p>\n<p><a href=\"https:\/\/golfpark-strelasund.de\/wir-brauchen-verstaerkung-greenkeeper-landschaftsgaertner-gaertner-platzarbeiter-m-w-d\/\" target=\"_blank\" rel=\"noopener\">Greenkeeper\/Landschaftsg\u00e4rtner\/G\u00e4rtner\/Platzarbeiter<\/a><\/p>\n<p>&nbsp;<\/p>\n<p><span data-offset-key=\"71bdj-0-0\">Starten Sie Ihre Karriere als ein Teamplayer im Golfpark <\/span><span id=\"decorator-ignored-entity-id-123\" data-entity-key=\"123\" data-offset-key=\"71bdj-1-0\"><span data-offset-key=\"71bdj-1-0\">Strelasund<\/span><\/span><span data-offset-key=\"71bdj-2-0\"> und profitieren Sie <\/span><span id=\"decorator-ignored-entity-id-120\" data-entity-key=\"120\" data-offset-key=\"71bdj-3-0\"><span data-offset-key=\"71bdj-3-0\">von lukrativen Mitarbeiterv<\/span><\/span><span data-offset-key=\"71bdj-4-0\">orteilen wie <\/span><span id=\"decorator-ignored-entity-id-125\" data-entity-key=\"125\" data-offset-key=\"71bdj-5-0\"><span data-offset-key=\"71bdj-5-0\">z.B.<\/span><\/span><span data-offset-key=\"71bdj-6-0\">:<\/span><\/p>\n<div data-contents=\"true\">\n<div class=\"public-DraftStyleDefault-block public-DraftStyleDefault-ltr\" data-offset-key=\"6j8pt-0-0\">\n<ul>\n<li>Betriebliche Altersvorsorge<\/li>\n<li>Verg\u00fcnstigtes Essen<\/li>\n<li>Verg\u00fcnstigungen im Golfpark Strelasund z.B: Hotel\u00fcbernachtungen (DACH-Region \u00fcber Personights), Platzreife und Golf-Mitgliedschaft, Spa-Nutzung, Wellnessbehandlungen, Footgolf-Spiel u. v. m.<\/li>\n<li>Teamevents wie Weihnachtsfeiern, Sportveranstaltungen<\/li>\n<li>Kostenlose Parkpl\u00e4tze<\/li>\n<li>umfangreiche Fort- und Weiterbildungsm\u00f6glichkeiten<\/li>\n<li>Corporate Benefits<\/li>\n<li><span class=\"HBvzbc\">Eine Unterbringung vor Ort ist m\u00f6glich<\/span><\/li>\n<li><span class=\"HBvzbc\">Es gibt die M\u00f6glichkeit durch ein Bonussystem das Einkommen zu<span class=\"WbZuDe\"> erh\u00f6hen<\/span><\/span><\/li>\n<li>Dass wir Ihnen die Arbeitskleidung stellen und f\u00fcr Sie reinigen (f\u00fcr Service- und K\u00fcchenmitarbeitende) ist selbstverst\u00e4ndlich<\/li>\n<\/ul>\n<p>&nbsp;<\/p>\n<\/div>\n<div class=\"\" data-block=\"true\" data-editor=\"sl0t\" data-offset-key=\"1a65q-0-0\">\n<div class=\"public-DraftStyleDefault-block public-DraftStyleDefault-ltr\" data-offset-key=\"f4f6c-0-0\"><span data-offset-key=\"f4f6c-0-0\">Der Golfpark <\/span><span id=\"decorator-ignored-entity-id-40\" data-entity-key=\"40\" data-offset-key=\"f4f6c-1-0\"><span data-offset-key=\"f4f6c-1-0\">Strelasund<\/span><\/span><span data-offset-key=\"f4f6c-2-0\"> liegt <\/span><span id=\"decorator-corrected-entity-id-27\" data-entity-key=\"27\" data-offset-key=\"f4f6c-3-0\"><span data-offset-key=\"f4f6c-3-0\">verkehrstechnisch<\/span><\/span><span data-offset-key=\"f4f6c-4-0\"> gut angebunden zwischen Stralsund und Greifswald, direkt an der A 20.<\/span><\/div>\n<\/div>\n<\/div>\n<p>&nbsp;<\/p>\n<p>Informieren Sie sich \u00fcber unsere aktuellen Karriereangebote oder bewerben Sie sich initiativ.<\/p>\n<p>Kontakt:<br \/>\nTelefon\u00a0038326 \/ 45 83 0<br \/>\nFax 038326 \/ 45 83 200<\/p>\n<p>E-Mail: <a href=\"mailto:info@golfpark-strelasund.de\">bewerbungen@golfpark-strelasund.de<\/a><\/p>\n<h3>Unsere Ausbildungsberufe:<\/h3>\n<p>[\/vc_column_text][\/vc_column][vc_column][\/vc_column][\/vc_row][vc_row][vc_column][vc_column_text][\/vc_column_text][\/vc_column][\/vc_row]<\/p>","protected":false},"excerpt":{"rendered":"<p>[vc_row el_class=&#8221;mb0&#8243;][vc_column css=&#8221;.vc_custom_1409750740006{margin-bottom: 0px !important;}&#8221;][vc_row_inner el_class=&#8221;mb0&#8243;][vc_column_inner el_class=&#8221;mb0&#8243;][vc_column_text el_class=&#8221;mb0&#8243;] Karriere in Mecklenburg-Vorpommern[\/vc_column_text][vc_raw_html]JTNDZGl2JTIwY2xhc3MlM0QlMjJyb3clMjIlM0UlMEElMDklM0NkaXYlMjBjbGFzcyUzRCUyMmNvbC1zbS0xMiUyMiUzRSUwQSUwOSUwOSUzQ2RpdiUyMGNsYXNzJTNEJTIyc2hvcnRfdHJlbm5lciUyMiUzRSUzQyUyRmRpdiUzRSUwQSUwOSUzQyUyRmRpdiUzRSUwQSUzQyUyRmRpdiUzRSUwQQ==[\/vc_raw_html][\/vc_column_inner][\/vc_row_inner][\/vc_column][\/vc_row][vc_row][vc_column][vc_btn title=&#8221;In einer Minute Bewerben&#8221; color=&#8221;green&#8221; size=&#8221;lg&#8221; css_animation=&#8221;none&#8221; link=&#8221;url:%20https%3A%2F%2Fgolfpark-strelasund.de%2Fkarriere%2Fschnelle-bewerbung|&#8221;][vc_column_text]Karriere zu machen im Golfpark Strelasund ist etwas ganz besonderes. Wir sind ein familiengef\u00fchrtes Unternehmen. Unsere Philosophie ist es, ganz nah am Gast zu sein, seine W\u00fcnsche genau zu kennen und zu erf\u00fcllen. F\u00fcr den Golfpark Strelasund [&hellip;]<\/p>\n","protected":false},"author":21,"featured_media":0,"parent":0,"menu_order":25,"comment_status":"closed","ping_status":"open","template":"","meta":{"_acf_changed":false,"footnotes":""},"class_list":["post-14690","page","type-page","status-publish","hentry"],"acf":[],"_links":{"self":[{"href":"https:\/\/golfpark-strelasund.de\/en\/wp-json\/wp\/v2\/pages\/14690","targetHints":{"allow":["GET"]}}],"collection":[{"href":"https:\/\/golfpark-strelasund.de\/en\/wp-json\/wp\/v2\/pages"}],"about":[{"href":"https:\/\/golfpark-strelasund.de\/en\/wp-json\/wp\/v2\/types\/page"}],"author":[{"embeddable":true,"href":"https:\/\/golfpark-strelasund.de\/en\/wp-json\/wp\/v2\/users\/21"}],"replies":[{"embeddable":true,"href":"https:\/\/golfpark-strelasund.de\/en\/wp-json\/wp\/v2\/comments?post=14690"}],"version-history":[{"count":51,"href":"https:\/\/golfpark-strelasund.de\/en\/wp-json\/wp\/v2\/pages\/14690\/revisions"}],"predecessor-version":[{"id":34420,"href":"https:\/\/golfpark-strelasund.de\/en\/wp-json\/wp\/v2\/pages\/14690\/revisions\/34420"}],"wp:attachment":[{"href":"https:\/\/golfpark-strelasund.de\/en\/wp-json\/wp\/v2\/media?parent=14690"}],"curies":[{"name":"wp","href":"https:\/\/api.w.org\/{rel}","templated":true}]}}