{"id":14646,"date":"2014-09-16T14:05:48","date_gmt":"2014-09-16T12:05:48","guid":{"rendered":"https:\/\/golfpark-strelasund.de\/en\/gastgeber"},"modified":"2026-04-10T15:48:34","modified_gmt":"2026-04-10T13:48:34","slug":"hosts","status":"publish","type":"page","link":"https:\/\/golfpark-strelasund.de\/en\/hosts\/","title":{"rendered":"Your Hosts"},"content":{"rendered":"<p>[vc_row el_class=&#8221;mb0&#8243;][vc_column css=&#8221;.vc_custom_1409750740006{margin-bottom: 0px !important;}&#8221;][vc_row_inner el_class=&#8221;mb0&#8243;][vc_column_inner el_class=&#8221;mb0&#8243;][vc_column_text el_class=&#8221;mb0&#8243;]<\/p>\n<h1 class=\"green\">Your Hosts<\/h1>\n<p><span class=\"subh1 hvb\">in\u00a0<\/span>Mecklenburg-Western Pomerania[\/vc_column_text][vc_raw_html]<\/p>\n<p>JTNDZGl2JTIwY2xhc3MlM0QlMjJyb3clMjIlM0UlMEElMDklM0NkaXYlMjBjbGFzcyUzRCUyMmNvbC1zbS0xMiUyMiUzRSUwQSUwOSUwOSUzQ2RpdiUyMGNsYXNzJTNEJTIyc2hvcnRfdHJlbm5lciUyMiUzRSUzQyUyRmRpdiUzRSUwQSUwOSUzQyUyRmRpdiUzRSUwQSUzQyUyRmRpdiUzRSUwQQ==<\/p>\n<p>[\/vc_raw_html][\/vc_column_inner][\/vc_row_inner][\/vc_column][\/vc_row][vc_row][vc_column width=&#8221;1\/3&#8243;][vc_column_text]<a href=\"https:\/\/golfpark-strelasund.de\/wp-content\/uploads\/2014\/09\/angela-merkel-a1.jpg\"><img loading=\"lazy\" decoding=\"async\" class=\"img-responsive alignnone wp-image-905 size-full\" src=\"https:\/\/golfpark-strelasund.de\/wp-content\/uploads\/2014\/09\/angela-merkel-a1.jpg\" alt=\"angela-merkel-a1\" width=\"400\" height=\"266\" srcset=\"https:\/\/golfpark-strelasund.de\/wp-content\/uploads\/2014\/09\/angela-merkel-a1.jpg 400w, https:\/\/golfpark-strelasund.de\/wp-content\/uploads\/2014\/09\/angela-merkel-a1-300x199.jpg 300w, https:\/\/golfpark-strelasund.de\/wp-content\/uploads\/2014\/09\/angela-merkel-a1-150x100.jpg 150w\" sizes=\"auto, (max-width: 400px) 100vw, 400px\" \/><\/a><\/p>\n<p>The german Federal Chancellor\u00a0Dr. Angela Merkel visits\u00a0family\u00a0Remer.<\/p>\n<p>Welcome![\/vc_column_text][\/vc_column][vc_column width=&#8221;2\/3&#8243;][vc_column_text]<br \/>\n[\/vc_column_text][\/vc_column][\/vc_row][vc_row][vc_column width=&#8221;1\/3&#8243;][vc_column_text]<\/p>\n<h3>At Golf\/Hotel \u2013 Office<\/h3>\n<ul>\n<li>Stefanie Remer<\/li>\n<li>Anette Fitsch<\/li>\n<li>Juliana K\u00fchnel<\/li>\n<li>Cindy Sch\u00f6bel<\/li>\n<li>Veit Misof<\/li>\n<li>Lea Darmst\u00e4tter<\/li>\n<li>Justin Nagel &#8211; Trainee<\/li>\n<li>Kian Gray &#8211; Trainee<\/li>\n<li>Lea Reichow- Trainee<\/li>\n<\/ul>\n<p>[\/vc_column_text][\/vc_column][vc_column width=&#8221;1\/3&#8243;][vc_column_text]<\/p>\n<h3>At Country Inn<\/h3>\n<ul>\n<li>Udo Zinsmeyer<\/li>\n<li>Jan Bochmann<\/li>\n<li>Ralf Gr\u00fcnberg<\/li>\n<li>Leonie-Tabea Pilarek<\/li>\n<li>Kristin Borchert<\/li>\n<li>Pia Ziese<\/li>\n<li>Torsten Meyer<\/li>\n<li>Valerii Nesterenko<\/li>\n<li>Sigrid Kr\u00fcger<\/li>\n<li>Carolin Petzenka<\/li>\n<li>Teodora Todorova<\/li>\n<li>Danylo Novik<\/li>\n<li>Lilli Grehn &#8211; Trainee<\/li>\n<li>Vicki Schliephake \u2013 Trainee<\/li>\n<li>Oleksandr Shurniuk &#8211; Trainee<\/li>\n<\/ul>\n<p>[\/vc_column_text][\/vc_column][vc_column width=&#8221;1\/3&#8243;][vc_column_text]<\/p>\n<h3>In the Kitchen<\/h3>\n<ul>\n<li>Jan Riedel<\/li>\n<li>Ronny Sch\u00f6bel<\/li>\n<li>Andreas van Tongeren<\/li>\n<li>Vardan Sargsyan<\/li>\n<li>Mariana Puica<\/li>\n<li>Olha Sakhno<\/li>\n<li>Pauline Koslowski<\/li>\n<li>Peggy Orlow<\/li>\n<li>Huong Giang Tran &#8211; Trainee<\/li>\n<li>Ba Chien Do &#8211; Trainee<\/li>\n<li>Duc Thinh Nguyen &#8211; Trainee<\/li>\n<li>Trong Nghia Pham &#8211; Trainee<\/li>\n<\/ul>\n<p>[\/vc_column_text][\/vc_column][\/vc_row][vc_row][vc_column width=&#8221;1\/3&#8243;][vc_column_text]<\/p>\n<h3>On the Course<\/h3>\n<ul>\n<li>Karsten Kre\u00dfmann<\/li>\n<li>Birthe Tonn<\/li>\n<li>Andreas Vorbau<\/li>\n<li>Matthias Stoldt<\/li>\n<li>Stefan Pendzinsky<\/li>\n<li>Helge Borck<\/li>\n<li>Thomas F\u00fcrstenberg<\/li>\n<\/ul>\n<p>[\/vc_column_text][\/vc_column][vc_column width=&#8221;1\/3&#8243;][vc_column_text]<\/p>\n<h3>Groundskeeper<\/h3>\n<ul>\n<li>Udo Schultz<\/li>\n<li>Dieter Dittmann<\/li>\n<li>Ren\u00e9 Arendt<\/li>\n<li>Tobias Lange<\/li>\n<\/ul>\n<p>[\/vc_column_text][vc_column_text]<\/p>\n<h3>At Spa &#8220;StrelaMare&#8221;<\/h3>\n<ul>\n<li>Sonja Szymanski<\/li>\n<li>Lucy Bleeck &#8211; Trainee<\/li>\n<li>Lea-Sophie M\u00f6ller &#8211; Trainee<\/li>\n<\/ul>\n<p>[\/vc_column_text][\/vc_column][vc_column width=&#8221;1\/3&#8243;][vc_column_text]<\/p>\n<div class=\"vc_span6\">\n<div class=\"wpb_wrapper\">\n<div class=\"wpb_text_column wpb_content_element \">\n<div class=\"wpb_wrapper\">\n<h3>At Housekeeping:<\/h3>\n<ul>\n<li>Madeleine Sorg<\/li>\n<li>Sandra Schnitzer<\/li>\n<li>Wioletta Kurowska<\/li>\n<li>Ghiath Shaddoud<\/li>\n<li>Manja Rossow<\/li>\n<li>Kathrin Nickel<\/li>\n<li>Oksana Stoll<\/li>\n<li>Valeri Stoll<\/li>\n<li>Mirtha Cabrera Martinez<\/li>\n<\/ul>\n<\/div>\n<\/div>\n<\/div>\n<\/div>\n<p>[\/vc_column_text][\/vc_column][\/vc_row][vc_row][vc_column width=&#8221;1\/3&#8243;][vc_column_text]<\/p>\n<h3>Accounting<\/h3>\n<ul>\n<li>Anja Pegelow<\/li>\n<li>Jonas Landmesser<\/li>\n<\/ul>\n<p>[\/vc_column_text][vc_column_text]<\/p>\n<h3>Management<\/h3>\n<ul>\n<li>Marei Remer<\/li>\n<li>J\u00f6rrg Remer<\/li>\n<\/ul>\n<p>[\/vc_column_text][\/vc_column][vc_column width=&#8221;1\/3&#8243;][vc_column_text]<\/p>\n<h3>For your Events<\/h3>\n<ul>\n<li>Janine D\u00e4hn<\/li>\n<\/ul>\n<p>[\/vc_column_text][\/vc_column][vc_column width=&#8221;1\/3&#8243;][vc_column_text]<\/p>\n<h3>Marketing<\/h3>\n<ul>\n<li>Ulrike Baer<\/li>\n<li>Tanja Schwarzrock-Plontasch<\/li>\n<li>Sabine Bandur<\/li>\n<li>Andreas R\u00f6semeier<\/li>\n<\/ul>\n<p>[\/vc_column_text][\/vc_column][\/vc_row][vc_row][vc_column][vc_column_text]<\/p>\n<h3>Our Principle<\/h3>\n<p>[\/vc_column_text][vc_column_text]<\/p>\n<p><a href=\"https:\/\/golfpark-strelasund.de\/wp-content\/uploads\/2014\/09\/Leitsatz.jpg\"><img loading=\"lazy\" decoding=\"async\" class=\"img-responsive leitsatz alignnone wp-image-859 size-medium\" src=\"https:\/\/golfpark-strelasund.de\/wp-content\/uploads\/2014\/09\/Leitsatz-212x300.jpg\" alt=\"Leitsatz\" width=\"212\" height=\"300\" srcset=\"https:\/\/golfpark-strelasund.de\/wp-content\/uploads\/2014\/09\/Leitsatz-212x300.jpg 212w, https:\/\/golfpark-strelasund.de\/wp-content\/uploads\/2014\/09\/Leitsatz-353x500.jpg 353w, https:\/\/golfpark-strelasund.de\/wp-content\/uploads\/2014\/09\/Leitsatz-70x100.jpg 70w, https:\/\/golfpark-strelasund.de\/wp-content\/uploads\/2014\/09\/Leitsatz.jpg 591w\" sizes=\"auto, (max-width: 212px) 100vw, 212px\" \/><\/a><a href=\"https:\/\/golfpark-strelasund.de\/wp-content\/uploads\/2014\/09\/Leitsatz-2.jpg\"><img loading=\"lazy\" decoding=\"async\" class=\"img-responsive leitsatz alignnone wp-image-856 size-medium\" src=\"https:\/\/golfpark-strelasund.de\/wp-content\/uploads\/2014\/09\/Leitsatz-2-212x300.jpg\" alt=\"Leitsatz-2\" width=\"212\" height=\"300\" srcset=\"https:\/\/golfpark-strelasund.de\/wp-content\/uploads\/2014\/09\/Leitsatz-2-212x300.jpg 212w, https:\/\/golfpark-strelasund.de\/wp-content\/uploads\/2014\/09\/Leitsatz-2-353x500.jpg 353w, https:\/\/golfpark-strelasund.de\/wp-content\/uploads\/2014\/09\/Leitsatz-2-70x100.jpg 70w, https:\/\/golfpark-strelasund.de\/wp-content\/uploads\/2014\/09\/Leitsatz-2.jpg 591w\" sizes=\"auto, (max-width: 212px) 100vw, 212px\" \/><\/a> <a href=\"https:\/\/golfpark-strelasund.de\/wp-content\/uploads\/2014\/09\/Leitsatz-3.jpg\"><img loading=\"lazy\" decoding=\"async\" class=\"img-responsive leitsatz alignnone wp-image-860 size-medium\" src=\"https:\/\/golfpark-strelasund.de\/wp-content\/uploads\/2014\/09\/Leitsatz-3-212x300.jpg\" alt=\"Leitsatz-3\" width=\"212\" height=\"300\" srcset=\"https:\/\/golfpark-strelasund.de\/wp-content\/uploads\/2014\/09\/Leitsatz-3-212x300.jpg 212w, https:\/\/golfpark-strelasund.de\/wp-content\/uploads\/2014\/09\/Leitsatz-3-353x500.jpg 353w, https:\/\/golfpark-strelasund.de\/wp-content\/uploads\/2014\/09\/Leitsatz-3-70x100.jpg 70w, https:\/\/golfpark-strelasund.de\/wp-content\/uploads\/2014\/09\/Leitsatz-3.jpg 591w\" sizes=\"auto, (max-width: 212px) 100vw, 212px\" \/><\/a><a href=\"https:\/\/golfpark-strelasund.de\/wp-content\/uploads\/2014\/09\/Leitsatz-4.jpg\"><img loading=\"lazy\" decoding=\"async\" class=\"img-responsive leitsatz alignnone wp-image-857 size-medium\" src=\"https:\/\/golfpark-strelasund.de\/wp-content\/uploads\/2014\/09\/Leitsatz-4-212x300.jpg\" alt=\"Leitsatz-4\" width=\"212\" height=\"300\" srcset=\"https:\/\/golfpark-strelasund.de\/wp-content\/uploads\/2014\/09\/Leitsatz-4-212x300.jpg 212w, https:\/\/golfpark-strelasund.de\/wp-content\/uploads\/2014\/09\/Leitsatz-4-353x500.jpg 353w, https:\/\/golfpark-strelasund.de\/wp-content\/uploads\/2014\/09\/Leitsatz-4-70x100.jpg 70w, https:\/\/golfpark-strelasund.de\/wp-content\/uploads\/2014\/09\/Leitsatz-4.jpg 591w\" sizes=\"auto, (max-width: 212px) 100vw, 212px\" \/><\/a> <a href=\"https:\/\/golfpark-strelasund.de\/wp-content\/uploads\/2014\/09\/Leitsatz-5.jpg\"><img loading=\"lazy\" decoding=\"async\" class=\"img-responsive leitsatz alignnone wp-image-858 size-medium\" src=\"https:\/\/golfpark-strelasund.de\/wp-content\/uploads\/2014\/09\/Leitsatz-5-212x300.jpg\" alt=\"Leitsatz-5\" width=\"212\" height=\"300\" srcset=\"https:\/\/golfpark-strelasund.de\/wp-content\/uploads\/2014\/09\/Leitsatz-5-212x300.jpg 212w, https:\/\/golfpark-strelasund.de\/wp-content\/uploads\/2014\/09\/Leitsatz-5-353x500.jpg 353w, https:\/\/golfpark-strelasund.de\/wp-content\/uploads\/2014\/09\/Leitsatz-5-70x100.jpg 70w, https:\/\/golfpark-strelasund.de\/wp-content\/uploads\/2014\/09\/Leitsatz-5.jpg 591w\" sizes=\"auto, (max-width: 212px) 100vw, 212px\" \/><\/a><\/p>\n<p>[\/vc_column_text][\/vc_column][\/vc_row][vc_row][vc_column][vc_raw_html]JTNDZGl2JTIwY2xhc3MlM0QlMjJjb29raWVjb25zZW50LW9wdG91dC1tYXJrZXRpbmclMjIlM0UlMEElMjAlMjAlMjAlMjBQbGVhc2UlMjAlM0NhJTIwaHJlZiUzRCUyMmphdmFzY3JpcHQlM0FDb29raWVib3QucmVuZXclMjglMjklMjIlM0VhY2NlcHQlMjBvdXIlMjBtYXJrZXRpbmclMjBjb29raWVzJTNDJTJGYSUzRSUyMHRvJTIwdmlldyUyMFlvdXR1YmUlMkZWaW1lby1WaWRlb3MlMjBvbiUyMHRoaXMlMjBzaXRlLiUwQSUzQyUyRmRpdiUzRQ==[\/vc_raw_html][vc_column_text]<\/p>\n<h3>Impressions of our Golf area<\/h3>\n<p>[\/vc_column_text][vc_raw_html]JTNDZGl2JTIwY2xhc3MlM0QlMjJlbGFzdGljLXZpZGVvJTIyJTIwaWQlM0QlMjJ1bnNlclZpZGVvJTIyJTNFJTNDaWZyYW1lJTBBJTIwJTIwJTIwJTIwZGF0YS1jb29raWVibG9jay1zcmMlM0QlMjIlMkYlMkZ3d3cueW91dHViZS5jb20lMkZlbWJlZCUyRjBURDBUZlRYZC1FJTNGcmVsJTNEMCUyMiUwQSUyMCUyMCUyMCUyMGRhdGEtY29va2llY29uc2VudCUzRCUyMm1hcmtldGluZyUyMiUwQSUyMCUyMCUyMCUyMHdpZHRoJTNEJTIyNjQwJTIyJTBBJTIwJTIwJTIwJTIwaGVpZ2h0JTNEJTIyNDgwJTIyJTBBJTIwJTIwJTIwJTIwZnJhbWVib3JkZXIlM0QlMjIwJTIyJTBBJTIwJTIwJTIwJTIwYWxsb3dmdWxsc2NyZWVuJTBBJTNFJTNDJTJGaWZyYW1lJTNFJTNDJTJGZGl2JTNF[\/vc_raw_html][vc_raw_html]JTNDZGl2JTIwY2xhc3MlM0QlMjJlbGFzdGljLXZpZGVvJTIyJTIwaWQlM0QlMjJ1bnNlckRyb2huZW5WaWRlbyUyMiUzRSUwQSUzQ2gyJTIwY2xhc3MlM0QlMjJ3cGJfaGVhZGluZyUyMHdwYl92aWRlb19oZWFkaW5nJTIyJTNFRHJvbmUlMjBvdmVyZmxpZ2h0JTIwb3ZlciUyMG91ciUyMGdvbGYlMjBjb3Vyc2UlMjBieSUyMENvcHRlcm15JTNDJTJGaDIlM0UlMEElM0NpZnJhbWUlMEElMjAlMjAlMjAlMjBkYXRhLWNvb2tpZWJsb2NrLXNyYyUzRCUyMiUyRiUyRnBsYXllci52aW1lby5jb20lMkZ2aWRlbyUyRjc0NDIyNjAxMSUzRmglM0RkZTlhNzMxMGEwJTI2YmFkZ2UlM0QwJTI2YXV0b3BhdXNlJTNEMCUyNnBsYXllcl9pZCUzRDAlMjZhcHBfaWQlM0Q1ODQ3OSUyNmRudCUzRDElMjIlMEElMjAlMjAlMjAlMjBkYXRhLWNvb2tpZWNvbnNlbnQlM0QlMjJtYXJrZXRpbmclMjIlMEElMjAlMjAlMjAlMjB3aWR0aCUzRCUyMjY0MCUyMiUwQSUyMCUyMCUyMCUyMGhlaWdodCUzRCUyMjQ4MCUyMiUwQSUyMCUyMCUyMCUyMGZyYW1lYm9yZGVyJTNEJTIyMCUyMiUwQSUyMCUyMCUyMCUyMGFsbG93JTNEJTIyYXV0b3BsYXklM0IlMjBmdWxsc2NyZWVuJTNCJTIwcGljdHVyZS1pbi1waWN0dXJlJTIyJTBBJTIwJTIwJTIwJTIwc3R5bGUlM0QlMjJwb3NpdGlvbiUzQWFic29sdXRlJTNCdG9wJTNBMCUzQmxlZnQlM0EwJTNCd2lkdGglM0ExMDAlMjUlM0JoZWlnaHQlM0ExMDAlMjUlM0IlMjIlMEElMjAlMjAlMjAlMjBhbGxvd2Z1bGxzY3JlZW4lMEElMjAlMjAlMjAlMjB0aXRsZSUzRCUyMkRyb25lJTIwb3ZlcmZsaWdodCUyMG92ZXIlMjBvdXIlMjBnb2xmJTIwY291cnNlJTIwYnklMjBDb3B0ZXJteSUyMiUwQSUzRSUzQyUyRmlmcmFtZSUzRSUzQyUyRmRpdiUzRQ==[\/vc_raw_html][\/vc_column][\/vc_row]<\/p>","protected":false},"excerpt":{"rendered":"<p>[vc_row el_class=&#8221;mb0&#8243;][vc_column css=&#8221;.vc_custom_1409750740006{margin-bottom: 0px !important;}&#8221;][vc_row_inner el_class=&#8221;mb0&#8243;][vc_column_inner el_class=&#8221;mb0&#8243;][vc_column_text el_class=&#8221;mb0&#8243;] Your Hosts in\u00a0Mecklenburg-Western Pomerania[\/vc_column_text][vc_raw_html] JTNDZGl2JTIwY2xhc3MlM0QlMjJyb3clMjIlM0UlMEElMDklM0NkaXYlMjBjbGFzcyUzRCUyMmNvbC1zbS0xMiUyMiUzRSUwQSUwOSUwOSUzQ2RpdiUyMGNsYXNzJTNEJTIyc2hvcnRfdHJlbm5lciUyMiUzRSUzQyUyRmRpdiUzRSUwQSUwOSUzQyUyRmRpdiUzRSUwQSUzQyUyRmRpdiUzRSUwQQ== [\/vc_raw_html][\/vc_column_inner][\/vc_row_inner][\/vc_column][\/vc_row][vc_row][vc_column width=&#8221;1\/3&#8243;][vc_column_text] The german Federal Chancellor\u00a0Dr. Angela Merkel visits\u00a0family\u00a0Remer. Welcome![\/vc_column_text][\/vc_column][vc_column width=&#8221;2\/3&#8243;][vc_column_text] [\/vc_column_text][\/vc_column][\/vc_row][vc_row][vc_column width=&#8221;1\/3&#8243;][vc_column_text] At Golf\/Hotel \u2013 Office Stefanie Remer Anette Fitsch Juliana K\u00fchnel Cindy Sch\u00f6bel Veit Misof Lea Darmst\u00e4tter Justin Nagel &#8211; Trainee Kian Gray &#8211; Trainee Lea Reichow- Trainee [\/vc_column_text][\/vc_column][vc_column width=&#8221;1\/3&#8243;][vc_column_text] [&hellip;]<\/p>\n","protected":false},"author":21,"featured_media":0,"parent":0,"menu_order":23,"comment_status":"closed","ping_status":"open","template":"template-custom.php","meta":{"_acf_changed":false,"footnotes":""},"class_list":["post-14646","page","type-page","status-publish","hentry"],"acf":[],"_links":{"self":[{"href":"https:\/\/golfpark-strelasund.de\/en\/wp-json\/wp\/v2\/pages\/14646","targetHints":{"allow":["GET"]}}],"collection":[{"href":"https:\/\/golfpark-strelasund.de\/en\/wp-json\/wp\/v2\/pages"}],"about":[{"href":"https:\/\/golfpark-strelasund.de\/en\/wp-json\/wp\/v2\/types\/page"}],"author":[{"embeddable":true,"href":"https:\/\/golfpark-strelasund.de\/en\/wp-json\/wp\/v2\/users\/21"}],"replies":[{"embeddable":true,"href":"https:\/\/golfpark-strelasund.de\/en\/wp-json\/wp\/v2\/comments?post=14646"}],"version-history":[{"count":97,"href":"https:\/\/golfpark-strelasund.de\/en\/wp-json\/wp\/v2\/pages\/14646\/revisions"}],"predecessor-version":[{"id":34695,"href":"https:\/\/golfpark-strelasund.de\/en\/wp-json\/wp\/v2\/pages\/14646\/revisions\/34695"}],"wp:attachment":[{"href":"https:\/\/golfpark-strelasund.de\/en\/wp-json\/wp\/v2\/media?parent=14646"}],"curies":[{"name":"wp","href":"https:\/\/api.w.org\/{rel}","templated":true}]}}