{"id":14365,"date":"2015-11-12T10:24:17","date_gmt":"2015-11-12T08:24:17","guid":{"rendered":"https:\/\/golfpark-strelasund.de\/en\/?page_id=14365"},"modified":"2015-11-30T16:35:04","modified_gmt":"2015-11-30T14:35:04","slug":"golfing","status":"publish","type":"page","link":"https:\/\/golfpark-strelasund.de\/en\/golfing\/","title":{"rendered":"Golfing"},"content":{"rendered":"<p>[vc_row el_class=&#8221;mb0&#8243;][vc_column css=&#8221;.vc_custom_1409750740006{margin-bottom: 0px !important;}&#8221;][vc_row_inner el_class=&#8221;mb0&#8243;][vc_column_inner el_class=&#8221;mb0&#8243;][vc_column_text el_class=&#8221;mb0&#8243;]<\/p>\n<h1 class=\"green\">Experience golf in Mecklenburg-Western Pomerania<\/h1>\n<h2>Enjoy a stay at our generous golf resort with two 18-hole golf courses and a golf academy<\/h2>\n<p>[\/vc_column_text][vc_raw_html]JTNDZGl2JTIwY2xhc3MlM0QlMjJyb3clMjIlM0UlMEElMDklM0NkaXYlMjBjbGFzcyUzRCUyMmNvbC1zbS0xMiUyMiUzRSUwQSUwOSUwOSUzQ2RpdiUyMGNsYXNzJTNEJTIyc2hvcnRfdHJlbm5lciUyMiUzRSUzQyUyRmRpdiUzRSUwQSUwOSUzQyUyRmRpdiUzRSUwQSUzQyUyRmRpdiUzRSUwQQ==[\/vc_raw_html][\/vc_column_inner][\/vc_row_inner][\/vc_column][\/vc_row][vc_row][vc_column][vc_column_text]<em><strong>\u201cWhatever you do, may you do it prudently, and look to the end.\u201d<\/strong><\/em><\/p>\n<p>(Hans Caspar Graf von Bothmer)[\/vc_column_text][\/vc_column][\/vc_row][vc_row][vc_column][vc_column_text]With its two <a title=\"golf-courses\" href=\"\/golfing\/golf-courses\">18-hole golf courses<\/a> and spacious practice facilities including a driving range and two pitching and putting greens, Golfpark Strelasund offers everything a golfer&#8217;s heart desires.<\/p>\n<p>Discover the coastal region of Mecklenburg-Western Pomerania at its beautiful best. A landscape of harsh, generous solitude; a deep blue sky on glorious sunny days, which gives everything a solemn splendour.<\/p>\n<p>The 18 holes of the \u201cMecklenburg-Western Pomerania\u201c championship course (PAR 72) reflect typical regions of Mecklenburg-Western Pomerania (R\u00fcgen, Fischland-Dar\u00df-Zingst, M\u00fcritz, \u2026). Hence, your round of golf will also be a little journey through Mecklenburg-Western Pomerania.<\/p>\n<p>The 18 holes of the \u201cStrelasund-Inselcourse\u201c (PAR 72) are named after the islands and peninsulas of the Strelasund (Hiddensee, Zudar, Greifswalder Oie,\u2026). Your round of golf will therefore be a little cruise through the Strelasund.[\/vc_column_text][\/vc_column][\/vc_row][vc_row][vc_column][vc_column_text]<div class=\"row mb30\">\n\t\t\t\t<a href=\"https:\/\/golfpark-strelasund.de\/en\/golfing\/golf-courses\/\" title=\"Seite ansehen\" class=\"subpages_a\">\n\t\t\t\t\t<div class=\"col-sm-4\">\n\t\t\t\t\t\t<div class=\"lomo_black\">\n\t    \t\t\t\t\t<img decoding=\"async\" src=\"https:\/\/golfpark-strelasund.de\/wp-content\/uploads\/2014\/09\/Golf-Golfplatze.jpg\" class=\"img-responsive\" alt=\"Golf Courses\"\/>\n\t    \t\t\t\t<\/div>\n\t    \t\t\t\t<div class=\"subpages_wrap\">\n\t    \t\t\t\t\t<span class=\"subpages_title\">Golf Courses<\/span>\n\t    \t\t\t\t\t<span class=\"subpages_more\">more <\/span>\t \n\t    \t\t\t\t<\/div>\n    \t\t\t\t<\/div>\n\t    \t\t<\/a>\n\t\t\t\t<a href=\"https:\/\/golfpark-strelasund.de\/en\/golfing\/green-fee\/\" title=\"Seite ansehen\" class=\"subpages_a\">\n\t\t\t\t\t<div class=\"col-sm-4\">\n\t\t\t\t\t\t<div class=\"lomo_black\">\n\t    \t\t\t\t\t<img decoding=\"async\" src=\"https:\/\/golfpark-strelasund.de\/wp-content\/uploads\/2014\/09\/Golf-Green-Fee.jpg\" class=\"img-responsive\" alt=\"Green Fee\"\/>\n\t    \t\t\t\t<\/div>\n\t    \t\t\t\t<div class=\"subpages_wrap\">\n\t    \t\t\t\t\t<span class=\"subpages_title\">Green Fee<\/span>\n\t    \t\t\t\t\t<span class=\"subpages_more\">more <\/span>\t \n\t    \t\t\t\t<\/div>\n    \t\t\t\t<\/div>\n\t    \t\t<\/a>\n\t\t\t\t<a href=\"https:\/\/golfpark-strelasund.de\/en\/golfing\/golf-academy\/\" title=\"Seite ansehen\" class=\"subpages_a\">\n\t\t\t\t\t<div class=\"col-sm-4\">\n\t\t\t\t\t\t<div class=\"lomo_black\">\n\t    \t\t\t\t\t<img decoding=\"async\" src=\"https:\/\/golfpark-strelasund.de\/wp-content\/uploads\/2014\/09\/Golf-Golfakademie.jpg\" class=\"img-responsive\" alt=\"Golf Academy\"\/>\n\t    \t\t\t\t<\/div>\n\t    \t\t\t\t<div class=\"subpages_wrap\">\n\t    \t\t\t\t\t<span class=\"subpages_title\">Golf Academy<\/span>\n\t    \t\t\t\t\t<span class=\"subpages_more\">more <\/span>\t \n\t    \t\t\t\t<\/div>\n    \t\t\t\t<\/div>\n\t    \t\t<\/a><\/div><div class=\"row mb30\">\n\t\t\t\t<a href=\"https:\/\/golfpark-strelasund.de\/en\/golfing\/competitions\/\" title=\"Seite ansehen\" class=\"subpages_a\">\n\t\t\t\t\t<div class=\"col-sm-4\">\n\t\t\t\t\t\t<div class=\"lomo_black\">\n\t    \t\t\t\t\t<img decoding=\"async\" src=\"https:\/\/golfpark-strelasund.de\/wp-content\/uploads\/2014\/09\/Golf-Turniere.jpg\" class=\"img-responsive\" alt=\"Competitions\"\/>\n\t    \t\t\t\t<\/div>\n\t    \t\t\t\t<div class=\"subpages_wrap\">\n\t    \t\t\t\t\t<span class=\"subpages_title\">Competitions<\/span>\n\t    \t\t\t\t\t<span class=\"subpages_more\">more <\/span>\t \n\t    \t\t\t\t<\/div>\n    \t\t\t\t<\/div>\n\t    \t\t<\/a><\/div>[\/vc_column_text][\/vc_column][\/vc_row]<\/p>","protected":false},"excerpt":{"rendered":"<p>[vc_row el_class=&#8221;mb0&#8243;][vc_column css=&#8221;.vc_custom_1409750740006{margin-bottom: 0px !important;}&#8221;][vc_row_inner el_class=&#8221;mb0&#8243;][vc_column_inner el_class=&#8221;mb0&#8243;][vc_column_text el_class=&#8221;mb0&#8243;] Experience golf in Mecklenburg-Western Pomerania Enjoy a stay at our generous golf resort with two 18-hole golf courses and a golf academy [\/vc_column_text][vc_raw_html]JTNDZGl2JTIwY2xhc3MlM0QlMjJyb3clMjIlM0UlMEElMDklM0NkaXYlMjBjbGFzcyUzRCUyMmNvbC1zbS0xMiUyMiUzRSUwQSUwOSUwOSUzQ2RpdiUyMGNsYXNzJTNEJTIyc2hvcnRfdHJlbm5lciUyMiUzRSUzQyUyRmRpdiUzRSUwQSUwOSUzQyUyRmRpdiUzRSUwQSUzQyUyRmRpdiUzRSUwQQ==[\/vc_raw_html][\/vc_column_inner][\/vc_row_inner][\/vc_column][\/vc_row][vc_row][vc_column][vc_column_text]\u201cWhatever you do, may you do it prudently, and look to the end.\u201d (Hans Caspar Graf von Bothmer)[\/vc_column_text][\/vc_column][\/vc_row][vc_row][vc_column][vc_column_text]With its two 18-hole golf courses and spacious [&hellip;]<\/p>\n","protected":false},"author":21,"featured_media":650,"parent":0,"menu_order":7,"comment_status":"closed","ping_status":"open","template":"","meta":{"_acf_changed":false,"footnotes":""},"class_list":["post-14365","page","type-page","status-publish","has-post-thumbnail","hentry"],"acf":[],"_links":{"self":[{"href":"https:\/\/golfpark-strelasund.de\/en\/wp-json\/wp\/v2\/pages\/14365","targetHints":{"allow":["GET"]}}],"collection":[{"href":"https:\/\/golfpark-strelasund.de\/en\/wp-json\/wp\/v2\/pages"}],"about":[{"href":"https:\/\/golfpark-strelasund.de\/en\/wp-json\/wp\/v2\/types\/page"}],"author":[{"embeddable":true,"href":"https:\/\/golfpark-strelasund.de\/en\/wp-json\/wp\/v2\/users\/21"}],"replies":[{"embeddable":true,"href":"https:\/\/golfpark-strelasund.de\/en\/wp-json\/wp\/v2\/comments?post=14365"}],"version-history":[{"count":5,"href":"https:\/\/golfpark-strelasund.de\/en\/wp-json\/wp\/v2\/pages\/14365\/revisions"}],"predecessor-version":[{"id":14478,"href":"https:\/\/golfpark-strelasund.de\/en\/wp-json\/wp\/v2\/pages\/14365\/revisions\/14478"}],"wp:featuredmedia":[{"embeddable":true,"href":"https:\/\/golfpark-strelasund.de\/en\/wp-json\/wp\/v2\/media\/650"}],"wp:attachment":[{"href":"https:\/\/golfpark-strelasund.de\/en\/wp-json\/wp\/v2\/media?parent=14365"}],"curies":[{"name":"wp","href":"https:\/\/api.w.org\/{rel}","templated":true}]}}