{"id":14363,"date":"2015-11-12T10:23:46","date_gmt":"2015-11-12T08:23:46","guid":{"rendered":"https:\/\/golfpark-strelasund.de\/en\/?page_id=14363"},"modified":"2016-01-09T16:43:31","modified_gmt":"2016-01-09T14:43:31","slug":"start","status":"publish","type":"page","link":"https:\/\/golfpark-strelasund.de\/en\/start\/","title":{"rendered":"Start"},"content":{"rendered":"<p>[vc_row][vc_column width=&#8221;8\/12&#8243; css=&#8221;.vc_custom_1409750740006{margin-bottom: 0px !important;}&#8221;][vc_row_inner el_class=&#8221;mb0&#8243;][vc_column_inner el_class=&#8221;mb0&#8243;][vc_column_text el_class=&#8221;mb0&#8243;]<\/p>\n<h1 class=\"green\">Your Golf- and Wellness Hotel<\/h1>\n<p><span class=\"subh1 hvb\">for relaxing and active holidays in Mecklenburg-Western Pomerania<\/span>[\/vc_column_text][vc_raw_html]JTNDZGl2JTIwY2xhc3MlM0QlMjJyb3clMjIlM0UlMEElMDklM0NkaXYlMjBjbGFzcyUzRCUyMmNvbC1zbS0xMiUyMiUzRSUwQSUwOSUwOSUzQ2RpdiUyMGNsYXNzJTNEJTIyc2hvcnRfdHJlbm5lciUyMiUzRSUzQyUyRmRpdiUzRSUwQSUwOSUzQyUyRmRpdiUzRSUwQSUzQyUyRmRpdiUzRSUwQQ==<\/p>\n<p>[\/vc_raw_html][\/vc_column_inner][\/vc_row_inner][vc_row_inner][vc_column_inner width=&#8221;1\/2&#8243;][vc_raw_html]JTNDZGl2JTIwY2xhc3MlM0QlMjJtYjE1JTIwZnMyMiUyMiUzRUhvbGlkYXlzJTIwYXQlMjBHb2xmcGFyayUyMFN0cmVsYXN1bmQlM0MlMkZkaXYlM0UlMEFTYXklMjBnb29kYnllJTIwZm9yJTIwYSUyMHdoaWxlJTIwdG8lMjBoZWN0aWMlMjBldmVyeWRheSUyMGxpZmUuJTIwQXQlMjBHb2xmcGFyayUyMFN0cmVsYXN1bmQlMjB5b3UlMjB3aWxsJTIwYmUlMjB0YWtlbiUyMGludG8lMjBhJTIwZGlmZmVyZW50JTIwdGltZSUyQyUyMHdoZW4lMjB0aGUlMjBjbG9ja3MlMjBpbiUyMEthc2Nob3clMjB3ZXJlJTIwdGlja2luZyUyMGNvbnNpZGVyYWJseSUyMHNsb3dlci4lMjBBcyUyMGElMjBmYW1pbHktcnVuJTIwZXN0YWJsaXNobWVudCUyQyUyMHN1cHBvcnRlZCUyMGJ5JTIwYW4lMjBleHBlcmllbmNlZCUyMGFuZCUyMG1vdGl2YXRlZCUyMHRlYW0lMkMlMjB3ZSUyMHdpbGwlMjB0cnklMjBvdXIlMjBiZXN0JTIwdG8lMjBtYWtlJTIweW91ciUyMHN0YXklMjBpbiUyMEthc2Nob3clMjBhbiUyMHVuZm9yZ2V0dGFibGUlMjBleHBlcmllbmNlLiUyMFdlJTIwbG9vayUyMGZvcndhcmQlMjB0byUyMGJlaW5nJTIweW91ciUyMGhvc3QuJTBBJTNDYnIlMkYlM0UlM0NiciUyRiUzRSUwQVdhcm1lc3QlMjBncmVldGluZ3MlMkMlMjB0aGUlMjBSZW1lciUyMGZhbWlseQ==[\/vc_raw_html][vc_raw_html]JTNDc3BhbiUyMGNsYXNzJTNEJTIyc3RhcnRfc2llZ2VsJTIwc2llZ2VsMyUyMiUzRSUzQyUyRnNwYW4lM0UlMEElM0NhJTIwaHJlZiUzRCUyMmh0dHAlM0ElMkYlMkZ3d3cuZ29sZnN0ZXJuZS5kZSUyRiUyMiUyMHRhcmdldCUzRCUyMl9ibGFuayUyMiUyMHJlbCUzRCUyMm5vZm9sbG93JTIyJTNFJTNDc3BhbiUyMGNsYXNzJTNEJTIyc3RhcnRfc2llZ2VsJTIwc2llZ2VsNCUyMiUzRSUzQyUyRmElM0UlM0MlMkZzcGFuJTNFJTBBJTNDc3BhbiUyMGNsYXNzJTNEJTIyc3RhcnRfc2llZ2VsJTIwc2llZ2VsMiUyMiUzRSUzQyUyRnNwYW4lM0UlMEElM0NzcGFuJTIwY2xhc3MlM0QlMjJzdGFydF9zaWVnZWwlMjBzaWVnZWwxJTIyJTNFJTNDJTJGc3BhbiUzRSUwQQ==[\/vc_raw_html][\/vc_column_inner][vc_column_inner width=&#8221;1\/2&#8243;][vc_raw_html]JTNDc3BhbiUyMGNsYXNzJTNEJTIyZnMyMiUyMGhpZGRlbi14cyUyMiUzRVdoYXQlMjBtYWtlcyUyMHVzJTIwdW5pcXVlJTNGJTNDJTJGc3BhbiUzRSUwQSUzQ3NwYW4lMjBjbGFzcyUzRCUyMmZzMjIlMjB2aXNpYmxlLXhzJTIwdm9ydGVpbGVfeHMlMjB1Yl94cyUyMiUzRVdoYXQlMjBtYWtlcyUyMHVzJTIwdW5pcXVlJTNGJTIwJTJCJTNDJTJGc3BhbiUzRSUwQSUzQ3VsJTIwY2xhc3MlM0QlMjJzdGFydF92b3J0ZWlsZSUyMiUzRSUwQSUwOSUzQ2xpJTNFZmFtaWx5LXJ1biUyMGdvbGYlMjBob3RlbCUyMG5lYXIlMjB0aGUlMjBCYWx0aWMlMjBTZWElM0MlMkZsaSUzRSUwQSUwOSUzQ2xpJTNFY29tZm9ydGFibGUlMjBhbmQlMjBpbmRpdmlkdWFsbHklMjBkZXNpZ25lZCUyMCUzQ2ElMjB0aXRsZSUzRCUyMnJvb21zJTIyJTIwaHJlZiUzRCUyMiUyRnNsZWVwaW5nJTJGcm9vbXMlMjIlM0Vyb29tcyUzQyUyRmElM0UlMjBhbmQlMjAlM0NhJTIwdGl0bGUlM0QlMjJob2xpZGF5JTIwYXBhcnRtZW50cyUyMiUyMGhyZWYlM0QlMjIlMkZzbGVlcGluZyUyRmhvbGlkYXktYXBhcnRtZW50cyUyMiUzRWhvbGlkYXklMjBhcGFydG1lbnRzJTNDJTJGYSUzRSUzQyUyRmxpJTNFJTBBJTA5JTNDbGklM0V0d28lMjBmaXJzdC1jbGFzcyUyMCUzQ2ElMjB0aXRsZSUzRCUyMmdvbGZpbmclMjIlMjBocmVmJTNEJTIyJTJGZ29sZmluZyUyMiUzRTE4JTIwaG9sZSUyMGdvbGYlMjBjb3Vyc2VzJTNDJTJGYSUzRSUzQyUyRmxpJTNFJTBBJTA5JTNDbGklM0UlM0NhJTIwdGl0bGUlM0QlMjJnZW5lcm91cyUyMHNwYSUyMiUyMGhyZWYlM0QlMjIlMkZyZWNvdmVyJTIyJTNFZ2VuZXJvdXMlMjBzcGElM0MlMkZhJTNFJTIwYXJlYSUyMHdpdGglMjBkaWZmZXJlbnQlMjBzYXVuYXMlMkMlMjBhbiUyMGluZG9vciUyMHBvb2wlMkMlMjBtYXNzYWdlJTIwYW5kJTIwY29zbWV0aWMlMjB0cmVhdG1lbnRzJTNDJTJGbGklM0UlMEElMDklM0NsaSUzRWNvc3klMjByZXN0YXVyYW50JTIwJTNDYSUyMHRpdGxlJTNEJTIyZm9vZCUyMiUyMGhyZWYlM0QlMjIlMkZmb29kJTIyJTNFJTI3TGFuZGdhc3Rob2YlMjBGcmV0dHd1cnN0JTI3JTNDJTJGYSUzRSUyMHdpdGglMjByZWdpb25hbCUyMGN1aXNpbmUlM0MlMkZsaSUzRSUwQSUwOSUzQ2xpJTNFdmFyaW91cyUyMCUzQ2ElMjB0aXRsZSUyMCUzRCUyMmNlbGVicmF0aW9ucy1jb25mZXJlbmNlcyUyMiUyMGhyZWYlM0QlMjIlMkZjZWxlYnJhdGlvbnMtY29uZmVyZW5jZXMlMjIlM0Vjb25mZXJlbmNlJTIwYW5kJTIwZXZlbnQlMjBmYWNpbGl0aWVzJTNDJTJGYSUzRSUzQyUyRmxpJTNFJTBBJTA5JTNDbGklM0VleGNpdGluZyUyMHN0b3JpZXMlMjBhYm91dCUyMHRoZSUyMCUyN0thaXNlcnJlaWNoJTIwS2FzY2hvdyUyNyUyMCVFMiU4MCU5MyUyMGhpc3RvcnklMjBtZWV0cyUyMG1vZGVybiUzQyUyRmxpJTNFJTBBJTA5JTNDbGklM0VzdHJvbmclMjBhdHRhY2htZW50JTIwdG8lMjBsb2NhbCUyMHJvb3RzJTNDJTJGbGklM0UlMEElM0MlMkZ1bCUzRQ==[\/vc_raw_html][\/vc_column_inner][\/vc_row_inner][\/vc_column][vc_column width=&#8221;4\/12&#8243; el_class=&#8221;news_events_wrap hidden-xs&#8221;][vc_column_text]\n\t\t\t<div class=\"row\">\n\t\t\t\t<div class=\"col-sm-6 pr0\">\n\t\t\t\t\t<div class=\"news_events_tab tab_active tab_one arrow_box_down\">Events<\/div>\n\t\t\t\t<\/div>\n\n\t\t\t\t<div class=\"col-sm-6 pl0\">\n\t\t\t\t\t<div class=\"news_events_tab tab_two\">News<\/div>\n\t\t\t\t<\/div>\n\t\t\t<\/div>\n\t\t\t<div class=\"news_tab\"><div class=\"row\"><div class=\"col-sm-12\"><a href=\"https:\/\/golfpark-strelasund.de\/en\/\/events\/\" title=\"alle Events ansehen\" class=\"all_news\">alle Events <span>\u2192<\/span><\/a><\/div><\/div><\/div><div class=\"news_tab hide_tab\">\t\n\t\t\t\t<div class=\"row news_date\"><\/div>\t\n\n\t\t\t\t<a href=\"https:\/\/golfpark-strelasund.de\/en\/natur-erleben-im-gruenen-klassenzimmer\/\" title=\"ganze News lesen\" class=\"full_news\">\n\t\t\t\t\t<div class=\"row news_content\">\n\n\t\t\t\t\t\t<div class=\"col-sm-6 pr0\">\n\t\t\t\t\t\t\t\t<img decoding=\"async\" src=\"https:\/\/golfpark-strelasund.de\/wp-content\/uploads\/2026\/05\/Gruenes-Klassenzimmer_Greifvoegel_Golfpark-Strelasund.jpg\" alt=\"ganze News lesen\" class=\"img-responsive\"\/> \n\t\t\t\t\t\t<\/div>\n\n\t\t\t\t\t\t<div class=\"col-sm-6 tab_news_content\">\n\t\t\t\t\t\t\t<h3>Natur erleben im Gr\u00fcnen Klassenzimmer<\/h3>\n\t\t\t\t\t\t\t<span class=\"tab_read_more\">zum Artikel <span class=\"tab_arrow\">\u2192<\/span><\/span>\n\t\t\t\t\t\t<\/div>\n\t\t\t\t\t<\/div>\n\t\t\t\t<\/a>\n\t\t\t\t\t\n\t\t\t\t<div class=\"row news_date\"><\/div>\t\n\n\t\t\t\t<a href=\"https:\/\/golfpark-strelasund.de\/en\/golfpark-strelasund-und-vhs-kooperieren\/\" title=\"ganze News lesen\" class=\"full_news\">\n\t\t\t\t\t<div class=\"row news_content\">\n\n\t\t\t\t\t\t<div class=\"col-sm-6 pr0\">\n\t\t\t\t\t\t\t\t<img decoding=\"async\" src=\"https:\/\/golfpark-strelasund.de\/wp-content\/uploads\/2026\/05\/vhs_lVorschaubild.jpg\" alt=\"ganze News lesen\" class=\"img-responsive\"\/> \n\t\t\t\t\t\t<\/div>\n\n\t\t\t\t\t\t<div class=\"col-sm-6 tab_news_content\">\n\t\t\t\t\t\t\t<h3>Golfpark Strelasund und VHS kooperieren<\/h3>\n\t\t\t\t\t\t\t<span class=\"tab_read_more\">zum Artikel <span class=\"tab_arrow\">\u2192<\/span><\/span>\n\t\t\t\t\t\t<\/div>\n\t\t\t\t\t<\/div>\n\t\t\t\t<\/a>\n\t\t\t\t\t\n\t\t\t\t<div class=\"row news_date\"><\/div>\t\n\n\t\t\t\t<a href=\"https:\/\/golfpark-strelasund.de\/en\/20-jahre-golfpark-strelasund\/\" title=\"ganze News lesen\" class=\"full_news\">\n\t\t\t\t\t<div class=\"row news_content\">\n\n\t\t\t\t\t\t<div class=\"col-sm-6 pr0\">\n\t\t\t\t\t\t\t\t<img decoding=\"async\" src=\"https:\/\/golfpark-strelasund.de\/wp-content\/uploads\/2026\/01\/Newsbeitragsbild-20-Jahre-GPS_nur-Logo_neu.jpg\" alt=\"ganze News lesen\" class=\"img-responsive\"\/> \n\t\t\t\t\t\t<\/div>\n\n\t\t\t\t\t\t<div class=\"col-sm-6 tab_news_content\">\n\t\t\t\t\t\t\t<h3>20 Jahre Golfpark Strelasund<\/h3>\n\t\t\t\t\t\t\t<span class=\"tab_read_more\">zum Artikel <span class=\"tab_arrow\">\u2192<\/span><\/span>\n\t\t\t\t\t\t<\/div>\n\t\t\t\t\t<\/div>\n\t\t\t\t<\/a>\n\t\t\t\t<div class=\"row\"><div class=\"col-sm-12\"><a href=\"https:\/\/golfpark-strelasund.de\/en\/\/news\/\" title=\"alle News ansehen\" class=\"all_news\">alle News <span>\u2192<\/span><\/a><\/div><\/div><\/div>\n<p>[\/vc_column_text][\/vc_column][\/vc_row][vc_row el_class=&#8221;mb15&#8243;][vc_column][vc_column_text]<\/p>\n<h2>Holidays and Relaxing at Golfpark Strelasund<\/h2>\n<p>[\/vc_column_text][\/vc_column][\/vc_row][vc_row el_class=&#8221;ml0 mr0 mb0 teaser_row_1 teaser_mh&#8221;][vc_column width=&#8221;1\/4&#8243; el_class=&#8221;pl0 pr0 start_img_wrap no_mt_xs&#8221;][vc_single_image image=&#8221;70&#8243; img_size=&#8221;full&#8221; onclick=&#8221;custom_link&#8221; el_class=&#8221;img-responsive img_sleep a_noshadow&#8221; link=&#8221;https:\/\/golfpark-strelasund.de\/golfhotel&#8221;][\/vc_column][vc_column width=&#8221;1\/4&#8243; el_class=&#8221;pl0 pr0 teaser_mh arrow_left&#8221;][vc_column_text el_class=&#8221;teaser_box_text teaser_sleep&#8221;]<a class=\"teaser_link\" href=\"golfhotel\"><span class=\"hvb\">Accommodation <\/span><\/a><\/p>\n<p><a class=\"teaser_link\" href=\"golfhotel\"><span class=\"change_xs\">The Hotel at Golfpark Strelasund is the best place tp leave behind the stresses and strains of everyday life. Take a deep breath of fresh air in sea proximity, enjoy the nature and let yourself unwind.<\/span><br \/>\n<span class=\"teaser_more\">find out more<\/span><\/a>[\/vc_column_text][\/vc_column][vc_column width=&#8221;1\/4&#8243; el_class=&#8221;pl0 pr0 start_img_wrap&#8221;][vc_single_image image=&#8221;71&#8243; img_size=&#8221;full&#8221; onclick=&#8221;custom_link&#8221; el_class=&#8221;img-responsive img_erholen a_noshadow&#8221; link=&#8221;https:\/\/golfpark-strelasund.de\/spa-hotel&#8221;][\/vc_column][vc_column width=&#8221;1\/4&#8243; el_class=&#8221;pl0 pr0 arrow_left&#8221;][vc_column_text el_class=&#8221;teaser_box_text teaser_erholen&#8221;]<a class=\"teaser_link\" href=\"spa-hotel\"><span class=\"hvb\">Relaxing<\/span><span class=\"change_xs\">Indulge yourself and treat your body to deep relaxation and regeneration by taking in beneficial minerals in a magical atmosphere with perfect resting comfort.<\/span><br \/>\n<span class=\"teaser_more\">find our more<\/span><\/a>[\/vc_column_text][\/vc_column][\/vc_row][vc_row el_class=&#8221;ml0 mr0 mb0 teaser_row_2 hidden-xs&#8221;][vc_column width=&#8221;1\/4&#8243; el_class=&#8221;pl0 pr0 teaser_mh arrow_right_container&#8221;][vc_column_text el_class=&#8221;teaser_box_text teaser_golfen&#8221;]<a class=\"teaser_link\" href=\"golf\"><span class=\"hvb\">Golf<\/span><span class=\"change_xs\">No matter if you are already an accomplished golfer, whether you only started recently or if you would just like to inform yourself \u2013 at Golfpark Strelasund we make the heart of every golfer beat that bit faster.<\/span><br \/>\n<span class=\"teaser_more\">find out more<\/span><\/a>[\/vc_column_text][\/vc_column][vc_column width=&#8221;1\/4&#8243; el_class=&#8221;pl0 pr0 start_img_wrap&#8221;][vc_single_image image=&#8221;87&#8243; img_size=&#8221;full&#8221; onclick=&#8221;custom_link&#8221; el_class=&#8221;img-responsive img_golfen a_noshadow&#8221; link=&#8221;https:\/\/golfpark-strelasund.de\/golf&#8221;][\/vc_column][vc_column width=&#8221;1\/4&#8243; el_class=&#8221;pl0 pr0 teaser_mh arrow_right_container&#8221;][vc_column_text el_class=&#8221;teaser_box_text teaser_essen&#8221;]<a class=\"teaser_link\" href=\"restaurant\"><span class=\"hvb\">Dining<\/span><span class=\"change_xs\">Pamper yourself and your palate with our fresh, regional cuisine in a cosy and rustic ambience. Immerse yourself in the \u201cEmpire of Kaschow\u201d.<\/span><br \/>\n<span class=\"teaser_more\">find our more<\/span><\/a>[\/vc_column_text][\/vc_column][vc_column width=&#8221;1\/4&#8243; el_class=&#8221;pl0 pr0 start_img_wrap&#8221;][vc_single_image image=&#8221;88&#8243; img_size=&#8221;full&#8221; onclick=&#8221;custom_link&#8221; el_class=&#8221;img-responsive img_essen a_noshadow&#8221; link=&#8221;https:\/\/golfpark-strelasund.de\/restaurant&#8221;][\/vc_column][\/vc_row][vc_row el_class=&#8221;ml0 mr0 mb0 teaser_row_2 visible-xs&#8221;][vc_column width=&#8221;1\/4&#8243; el_class=&#8221;pl0 pr0 teaser_mh arrow_right_container start_img_wrap&#8221;][vc_single_image image=&#8221;87&#8243; img_size=&#8221;full&#8221; onclick=&#8221;custom_link&#8221; el_class=&#8221;img-responsive img_golfen a_noshadow&#8221; link=&#8221;https:\/\/golfpark-strelasund.de\/golf&#8221;][\/vc_column][vc_column width=&#8221;1\/4&#8243; el_class=&#8221;pl0 pr0&#8243;][vc_column_text el_class=&#8221;teaser_box_text teaser_golfen&#8221;]<a class=\"teaser_link\" href=\"golf\"><span class=\"hvb\">Golfen<\/span><span class=\"change_xs\">Ganz gleich, ob Sie bereits ausgezeichnet Golf spielen k\u00f6nnen, vor kurzem damit angefangen haben oder sich einfach mal informieren m\u00f6chten \u2013 der Golfpark Strelasund l\u00e4sst jedes Golferherz h\u00f6her schlagen.<\/span><br \/>\n<span class=\"teaser_more\">mehr<\/span><\/a>[\/vc_column_text][\/vc_column][vc_column width=&#8221;1\/4&#8243; el_class=&#8221;pl0 pr0 teaser_mh arrow_right_container start_img_wrap&#8221;][vc_single_image image=&#8221;88&#8243; img_size=&#8221;full&#8221; onclick=&#8221;custom_link&#8221; el_class=&#8221;img-responsive img_essen a_noshadow&#8221; link=&#8221;https:\/\/golfpark-strelasund.de\/restaurant&#8221;][\/vc_column][vc_column width=&#8221;1\/4&#8243; el_class=&#8221;pl0 pr0&#8243;][vc_column_text el_class=&#8221;teaser_box_text teaser_essen&#8221;]<a class=\"teaser_link\" href=\"restaurant\"><span class=\"hvb\">Essen<\/span><span class=\"change_xs\">Verw\u00f6hnen Sie sich und Ihren Gaumen mit einer frischen, regionalen K\u00fcche in gem\u00fctlich, rustikalem Ambiente. Tauchen Sie ein in das \u201eKaiserreich Kaschow\u201c.<\/span><br \/>\n<span class=\"teaser_more\">mehr<\/span><\/a>[\/vc_column_text][\/vc_column][\/vc_row][vc_row][vc_column][vc_column_text]<br \/>\n[\/vc_column_text][\/vc_column][\/vc_row][vc_row][vc_column][vc_column_text]<div class=\"visible-xs news_events_xs\"><span class=\"fs22\">News<\/span><ul><li>\t<a href=\"https:\/\/golfpark-strelasund.de\/en\/natur-erleben-im-gruenen-klassenzimmer\/\" title=\"ganze News lesen\" class=\"\">Natur erleben im Gr\u00fcnen Klassenzimmer<\/a><\/li><li>\t<a href=\"https:\/\/golfpark-strelasund.de\/en\/golfpark-strelasund-und-vhs-kooperieren\/\" title=\"ganze News lesen\" class=\"\">Golfpark Strelasund und VHS kooperieren<\/a><\/li><li>\t<a href=\"https:\/\/golfpark-strelasund.de\/en\/20-jahre-golfpark-strelasund\/\" title=\"ganze News lesen\" class=\"\">20 Jahre Golfpark Strelasund<\/a><\/li><\/ul><a href=\"https:\/\/golfpark-strelasund.de\/en\/\/news\/\" title=\"alle News ansehen\" class=\"all_news\">alle News <span>\u2192<\/span><\/a><br\/><br\/><span class=\"fs22\">Events<\/span><ul><\/ul><a href=\"https:\/\/golfpark-strelasund.de\/en\/\/events\/\" title=\"alle Events ansehen\" class=\"all_news\">alle Events <span>\u2192<\/span><\/a><\/div>\n<p>[\/vc_column_text][\/vc_column][\/vc_row]<\/p>","protected":false},"excerpt":{"rendered":"<p>[vc_row][vc_column width=&#8221;8\/12&#8243; css=&#8221;.vc_custom_1409750740006{margin-bottom: 0px !important;}&#8221;][vc_row_inner el_class=&#8221;mb0&#8243;][vc_column_inner el_class=&#8221;mb0&#8243;][vc_column_text el_class=&#8221;mb0&#8243;] Your Golf- and Wellness Hotel for relaxing and active holidays in Mecklenburg-Western Pomerania[\/vc_column_text][vc_raw_html]JTNDZGl2JTIwY2xhc3MlM0QlMjJyb3clMjIlM0UlMEElMDklM0NkaXYlMjBjbGFzcyUzRCUyMmNvbC1zbS0xMiUyMiUzRSUwQSUwOSUwOSUzQ2RpdiUyMGNsYXNzJTNEJTIyc2hvcnRfdHJlbm5lciUyMiUzRSUzQyUyRmRpdiUzRSUwQSUwOSUzQyUyRmRpdiUzRSUwQSUzQyUyRmRpdiUzRSUwQQ== [\/vc_raw_html][\/vc_column_inner][\/vc_row_inner][vc_row_inner][vc_column_inner width=&#8221;1\/2&#8243;][vc_raw_html]JTNDZGl2JTIwY2xhc3MlM0QlMjJtYjE1JTIwZnMyMiUyMiUzRUhvbGlkYXlzJTIwYXQlMjBHb2xmcGFyayUyMFN0cmVsYXN1bmQlM0MlMkZkaXYlM0UlMEFTYXklMjBnb29kYnllJTIwZm9yJTIwYSUyMHdoaWxlJTIwdG8lMjBoZWN0aWMlMjBldmVyeWRheSUyMGxpZmUuJTIwQXQlMjBHb2xmcGFyayUyMFN0cmVsYXN1bmQlMjB5b3UlMjB3aWxsJTIwYmUlMjB0YWtlbiUyMGludG8lMjBhJTIwZGlmZmVyZW50JTIwdGltZSUyQyUyMHdoZW4lMjB0aGUlMjBjbG9ja3MlMjBpbiUyMEthc2Nob3clMjB3ZXJlJTIwdGlja2luZyUyMGNvbnNpZGVyYWJseSUyMHNsb3dlci4lMjBBcyUyMGElMjBmYW1pbHktcnVuJTIwZXN0YWJsaXNobWVudCUyQyUyMHN1cHBvcnRlZCUyMGJ5JTIwYW4lMjBleHBlcmllbmNlZCUyMGFuZCUyMG1vdGl2YXRlZCUyMHRlYW0lMkMlMjB3ZSUyMHdpbGwlMjB0cnklMjBvdXIlMjBiZXN0JTIwdG8lMjBtYWtlJTIweW91ciUyMHN0YXklMjBpbiUyMEthc2Nob3clMjBhbiUyMHVuZm9yZ2V0dGFibGUlMjBleHBlcmllbmNlLiUyMFdlJTIwbG9vayUyMGZvcndhcmQlMjB0byUyMGJlaW5nJTIweW91ciUyMGhvc3QuJTBBJTNDYnIlMkYlM0UlM0NiciUyRiUzRSUwQVdhcm1lc3QlMjBncmVldGluZ3MlMkMlMjB0aGUlMjBSZW1lciUyMGZhbWlseQ==[\/vc_raw_html][vc_raw_html]JTNDc3BhbiUyMGNsYXNzJTNEJTIyc3RhcnRfc2llZ2VsJTIwc2llZ2VsMyUyMiUzRSUzQyUyRnNwYW4lM0UlMEElM0NhJTIwaHJlZiUzRCUyMmh0dHAlM0ElMkYlMkZ3d3cuZ29sZnN0ZXJuZS5kZSUyRiUyMiUyMHRhcmdldCUzRCUyMl9ibGFuayUyMiUyMHJlbCUzRCUyMm5vZm9sbG93JTIyJTNFJTNDc3BhbiUyMGNsYXNzJTNEJTIyc3RhcnRfc2llZ2VsJTIwc2llZ2VsNCUyMiUzRSUzQyUyRmElM0UlM0MlMkZzcGFuJTNFJTBBJTNDc3BhbiUyMGNsYXNzJTNEJTIyc3RhcnRfc2llZ2VsJTIwc2llZ2VsMiUyMiUzRSUzQyUyRnNwYW4lM0UlMEElM0NzcGFuJTIwY2xhc3MlM0QlMjJzdGFydF9zaWVnZWwlMjBzaWVnZWwxJTIyJTNFJTNDJTJGc3BhbiUzRSUwQQ==[\/vc_raw_html][\/vc_column_inner][vc_column_inner width=&#8221;1\/2&#8243;][vc_raw_html]JTNDc3BhbiUyMGNsYXNzJTNEJTIyZnMyMiUyMGhpZGRlbi14cyUyMiUzRVdoYXQlMjBtYWtlcyUyMHVzJTIwdW5pcXVlJTNGJTNDJTJGc3BhbiUzRSUwQSUzQ3NwYW4lMjBjbGFzcyUzRCUyMmZzMjIlMjB2aXNpYmxlLXhzJTIwdm9ydGVpbGVfeHMlMjB1Yl94cyUyMiUzRVdoYXQlMjBtYWtlcyUyMHVzJTIwdW5pcXVlJTNGJTIwJTJCJTNDJTJGc3BhbiUzRSUwQSUzQ3VsJTIwY2xhc3MlM0QlMjJzdGFydF92b3J0ZWlsZSUyMiUzRSUwQSUwOSUzQ2xpJTNFZmFtaWx5LXJ1biUyMGdvbGYlMjBob3RlbCUyMG5lYXIlMjB0aGUlMjBCYWx0aWMlMjBTZWElM0MlMkZsaSUzRSUwQSUwOSUzQ2xpJTNFY29tZm9ydGFibGUlMjBhbmQlMjBpbmRpdmlkdWFsbHklMjBkZXNpZ25lZCUyMCUzQ2ElMjB0aXRsZSUzRCUyMnJvb21zJTIyJTIwaHJlZiUzRCUyMiUyRnNsZWVwaW5nJTJGcm9vbXMlMjIlM0Vyb29tcyUzQyUyRmElM0UlMjBhbmQlMjAlM0NhJTIwdGl0bGUlM0QlMjJob2xpZGF5JTIwYXBhcnRtZW50cyUyMiUyMGhyZWYlM0QlMjIlMkZzbGVlcGluZyUyRmhvbGlkYXktYXBhcnRtZW50cyUyMiUzRWhvbGlkYXklMjBhcGFydG1lbnRzJTNDJTJGYSUzRSUzQyUyRmxpJTNFJTBBJTA5JTNDbGklM0V0d28lMjBmaXJzdC1jbGFzcyUyMCUzQ2ElMjB0aXRsZSUzRCUyMmdvbGZpbmclMjIlMjBocmVmJTNEJTIyJTJGZ29sZmluZyUyMiUzRTE4JTIwaG9sZSUyMGdvbGYlMjBjb3Vyc2VzJTNDJTJGYSUzRSUzQyUyRmxpJTNFJTBBJTA5JTNDbGklM0UlM0NhJTIwdGl0bGUlM0QlMjJnZW5lcm91cyUyMHNwYSUyMiUyMGhyZWYlM0QlMjIlMkZyZWNvdmVyJTIyJTNFZ2VuZXJvdXMlMjBzcGElM0MlMkZhJTNFJTIwYXJlYSUyMHdpdGglMjBkaWZmZXJlbnQlMjBzYXVuYXMlMkMlMjBhbiUyMGluZG9vciUyMHBvb2wlMkMlMjBtYXNzYWdlJTIwYW5kJTIwY29zbWV0aWMlMjB0cmVhdG1lbnRzJTNDJTJGbGklM0UlMEElMDklM0NsaSUzRWNvc3klMjByZXN0YXVyYW50JTIwJTNDYSUyMHRpdGxlJTNEJTIyZm9vZCUyMiUyMGhyZWYlM0QlMjIlMkZmb29kJTIyJTNFJTI3TGFuZGdhc3Rob2YlMjBGcmV0dHd1cnN0JTI3JTNDJTJGYSUzRSUyMHdpdGglMjByZWdpb25hbCUyMGN1aXNpbmUlM0MlMkZsaSUzRSUwQSUwOSUzQ2xpJTNFdmFyaW91cyUyMCUzQ2ElMjB0aXRsZSUyMCUzRCUyMmNlbGVicmF0aW9ucy1jb25mZXJlbmNlcyUyMiUyMGhyZWYlM0QlMjIlMkZjZWxlYnJhdGlvbnMtY29uZmVyZW5jZXMlMjIlM0Vjb25mZXJlbmNlJTIwYW5kJTIwZXZlbnQlMjBmYWNpbGl0aWVzJTNDJTJGYSUzRSUzQyUyRmxpJTNFJTBBJTA5JTNDbGklM0VleGNpdGluZyUyMHN0b3JpZXMlMjBhYm91dCUyMHRoZSUyMCUyN0thaXNlcnJlaWNoJTIwS2FzY2hvdyUyNyUyMCVFMiU4MCU5MyUyMGhpc3RvcnklMjBtZWV0cyUyMG1vZGVybiUzQyUyRmxpJTNFJTBBJTA5JTNDbGklM0VzdHJvbmclMjBhdHRhY2htZW50JTIwdG8lMjBsb2NhbCUyMHJvb3RzJTNDJTJGbGklM0UlMEElM0MlMkZ1bCUzRQ==[\/vc_raw_html][\/vc_column_inner][\/vc_row_inner][\/vc_column][vc_column width=&#8221;4\/12&#8243; el_class=&#8221;news_events_wrap hidden-xs&#8221;][vc_column_text] [\/vc_column_text][\/vc_column][\/vc_row][vc_row el_class=&#8221;mb15&#8243;][vc_column][vc_column_text] Holidays and Relaxing at Golfpark Strelasund [\/vc_column_text][\/vc_column][\/vc_row][vc_row el_class=&#8221;ml0 mr0 mb0 teaser_row_1 teaser_mh&#8221;][vc_column width=&#8221;1\/4&#8243; el_class=&#8221;pl0 pr0 start_img_wrap no_mt_xs&#8221;][vc_single_image image=&#8221;70&#8243; img_size=&#8221;full&#8221; onclick=&#8221;custom_link&#8221; el_class=&#8221;img-responsive img_sleep a_noshadow&#8221; link=&#8221;https:\/\/golfpark-strelasund.de\/golfhotel&#8221;][\/vc_column][vc_column width=&#8221;1\/4&#8243; el_class=&#8221;pl0 [&hellip;]<\/p>\n","protected":false},"author":21,"featured_media":0,"parent":0,"menu_order":6,"comment_status":"closed","ping_status":"open","template":"","meta":{"_acf_changed":false,"footnotes":""},"class_list":["post-14363","page","type-page","status-publish","hentry"],"acf":[],"_links":{"self":[{"href":"https:\/\/golfpark-strelasund.de\/en\/wp-json\/wp\/v2\/pages\/14363","targetHints":{"allow":["GET"]}}],"collection":[{"href":"https:\/\/golfpark-strelasund.de\/en\/wp-json\/wp\/v2\/pages"}],"about":[{"href":"https:\/\/golfpark-strelasund.de\/en\/wp-json\/wp\/v2\/types\/page"}],"author":[{"embeddable":true,"href":"https:\/\/golfpark-strelasund.de\/en\/wp-json\/wp\/v2\/users\/21"}],"replies":[{"embeddable":true,"href":"https:\/\/golfpark-strelasund.de\/en\/wp-json\/wp\/v2\/comments?post=14363"}],"version-history":[{"count":5,"href":"https:\/\/golfpark-strelasund.de\/en\/wp-json\/wp\/v2\/pages\/14363\/revisions"}],"predecessor-version":[{"id":14721,"href":"https:\/\/golfpark-strelasund.de\/en\/wp-json\/wp\/v2\/pages\/14363\/revisions\/14721"}],"wp:attachment":[{"href":"https:\/\/golfpark-strelasund.de\/en\/wp-json\/wp\/v2\/media?parent=14363"}],"curies":[{"name":"wp","href":"https:\/\/api.w.org\/{rel}","templated":true}]}}